{"id":681,"date":"2021-04-19T15:13:34","date_gmt":"2021-04-19T13:13:34","guid":{"rendered":"https:\/\/www.myndleap.com\/legal-notice\/"},"modified":"2025-04-04T16:05:48","modified_gmt":"2025-04-04T14:05:48","slug":"legal-notice","status":"publish","type":"page","link":"https:\/\/www.myndleap.com\/en\/legal-notice\/","title":{"rendered":"Legal Notice"},"content":{"rendered":"<section class=\"l-section wpb_row height_custom\"><div class=\"l-section-h i-cf\"><div class=\"g-cols vc_row via_flex valign_top type_default stacking_default\"><div class=\"vc_col-sm-12 wpb_column vc_column_container\"><div class=\"vc_column-inner\"><div class=\"wpb_wrapper\"><div class=\"wpb_text_column\"><div class=\"wpb_wrapper\"><h1 style=\"text-align: left;\">Legal Notice<\/h1>\n<p style=\"text-align: left;\"><strong>MyndLeap GmbH<br \/>\n<\/strong><\/p>\n<p style=\"text-align: left;\"><span>Christophstrasse 15-17<\/span> | D-50670 Cologne | Germany<br \/>\nPhone: +49 221 5727545 &#8211; 0<br \/>\nE-Mail: info@myndleap.com<\/p>\n<p style=\"text-align: left;\">General Manager: Fetiye Sisko<\/p>\n<p style=\"text-align: left;\">Registry Court: Cologne<br \/>\nRegistration number: HRB 100541<br \/>\nVATnumber: DE 328859463<br \/>\npursuant to Sec.27 a Umsatzsteuergesetz (Value Added Tax Act of Germany)<\/p>\n<p style=\"text-align: left;\">Responsible for the contents of the website: \u00a9 MyndLeap<br \/>\nResponsible pursuant to Sec. 6 MDStV (State Treaty on Media Services): Fetiye Sisko<\/p>\n<p style=\"text-align: left;\"><strong>Editorial supervision:<\/strong><br \/>\nFetiye Sisko, Dr. R\u00fcdiger M\u00fcngersdorff, Dr. J\u00f6rg M\u00fcngersdorff<\/p>\n<p style=\"text-align: left;\"><strong>Corporate Design, webdesign, programming:<\/strong><br \/>\n<a href=\"https:\/\/esvau.com\" target=\"_blank\" rel=\"noopener\">esvau \u2013 Sebastian Veit<\/a><\/p>\n<p><strong>Watercolor Artwork MyndLeap-Team:<\/strong><br \/>\n<a href=\"http:\/\/www.mitraart.com\" target=\"_blank\" rel=\"noopener\">Mitra Art<\/a>, Mitra Woodall<\/p>\n<p style=\"text-align: left;\">For direct inquiries about the website, please contact:<br \/>\ninfo@myndleap.com<\/p>\n<h2 style=\"text-align: left;\">Disclaimer<\/h2>\n<p style=\"text-align: left;\"><strong>Limitation of liability for internal content<\/strong><br \/>\nThe content of our website has been compiled with meticulous care and to the best of our knowledge. However, we cannot assume any liability for the up-to-dateness, completeness or accuracy of any of the pages. Pursuant to section 7, para. 1 of the TMG (Telemediengesetz \u2013 Tele Media Act by German law), we as service providers are liable for our own content on these pages in accordance with general laws. However, pursuant to sections 8 to 10 of the TMG, we as service providers are not under obligation to monitor external information provided or stored on our website. Once we have become aware of a specific infringement of the law, we will immediately remove the content in question. Any liability concerning this matter can only be assumed from the point in time at which the infringement becomes known to us.<\/p>\n<p style=\"text-align: left;\"><strong>Limitation of liability for external links<\/strong><br \/>\nOur website contains links to the websites of third parties (\u00bbexternal links\u00ab). As the content of these websites is not under our control, we cannot assume any liability for such external content. In all cases, the provider of information of the linked websites is liable for the content and accuracy of the information provided. At the point in time when the links were placed, no infringements of the law were recognisable to us. As soon as an infringement of the law becomes known to us, we will immediately remove the link in question.<\/p>\n<p style=\"text-align: left;\"><strong>Copyright<\/strong><br \/>\nThe content and works published on this website are governed by the copyright laws of Germany. Any duplication, processing, distribution or any form of utilisation beyond the scope of copyright law shall require the prior written consent of the author or authors in question.<\/p>\n<\/div><\/div><\/div><\/div><\/div><\/div><\/div><\/section>\n","protected":false},"excerpt":{"rendered":"Legal Notice MyndLeap GmbH Christophstrasse 15-17 | D-50670 Cologne | Germany Phone: +49 221 5727545 &#8211; 0 E-Mail: info@myndleap.com General Manager: Fetiye Sisko Registry Court: Cologne Registration number: HRB 100541 VATnumber: DE 328859463 pursuant to Sec.27 a Umsatzsteuergesetz (Value Added Tax Act of Germany) Responsible for the contents of the website: \u00a9 MyndLeap Responsible pursuant...","protected":false},"author":1,"featured_media":0,"parent":0,"menu_order":0,"comment_status":"closed","ping_status":"closed","template":"","meta":{"footnotes":""},"class_list":["post-681","page","type-page","status-publish","hentry"],"yoast_head":"<!-- This site is optimized with the Yoast SEO plugin v27.4 - https:\/\/yoast.com\/product\/yoast-seo-wordpress\/ -->\n<title>Legal Notice - MyndLeap GmbH<\/title>\n<meta name=\"robots\" content=\"index, follow, max-snippet:-1, max-image-preview:large, max-video-preview:-1\" \/>\n<link rel=\"canonical\" href=\"https:\/\/www.myndleap.com\/en\/legal-notice\/\" \/>\n<meta property=\"og:locale\" content=\"en_US\" \/>\n<meta property=\"og:type\" content=\"article\" \/>\n<meta property=\"og:title\" content=\"Legal Notice - MyndLeap GmbH\" \/>\n<meta property=\"og:url\" content=\"https:\/\/www.myndleap.com\/en\/legal-notice\/\" \/>\n<meta property=\"og:site_name\" content=\"MyndLeap GmbH\" \/>\n<meta property=\"article:modified_time\" content=\"2025-04-04T14:05:48+00:00\" \/>\n<meta name=\"twitter:card\" content=\"summary_large_image\" \/>\n<meta name=\"twitter:label1\" content=\"Est. reading time\" \/>\n\t<meta name=\"twitter:data1\" content=\"2 minutes\" \/>\n<script type=\"application\/ld+json\" class=\"yoast-schema-graph\">{\"@context\":\"https:\\\/\\\/schema.org\",\"@graph\":[{\"@type\":\"WebPage\",\"@id\":\"https:\\\/\\\/www.myndleap.com\\\/en\\\/legal-notice\\\/\",\"url\":\"https:\\\/\\\/www.myndleap.com\\\/en\\\/legal-notice\\\/\",\"name\":\"Legal Notice - MyndLeap GmbH\",\"isPartOf\":{\"@id\":\"https:\\\/\\\/www.myndleap.com\\\/en\\\/#website\"},\"datePublished\":\"2021-04-19T13:13:34+00:00\",\"dateModified\":\"2025-04-04T14:05:48+00:00\",\"breadcrumb\":{\"@id\":\"https:\\\/\\\/www.myndleap.com\\\/en\\\/legal-notice\\\/#breadcrumb\"},\"inLanguage\":\"en-US\",\"potentialAction\":[{\"@type\":\"ReadAction\",\"target\":[\"https:\\\/\\\/www.myndleap.com\\\/en\\\/legal-notice\\\/\"]}]},{\"@type\":\"BreadcrumbList\",\"@id\":\"https:\\\/\\\/www.myndleap.com\\\/en\\\/legal-notice\\\/#breadcrumb\",\"itemListElement\":[{\"@type\":\"ListItem\",\"position\":1,\"name\":\"Startseite\",\"item\":\"https:\\\/\\\/www.myndleap.com\\\/en\\\/\"},{\"@type\":\"ListItem\",\"position\":2,\"name\":\"Legal Notice\"}]},{\"@type\":\"WebSite\",\"@id\":\"https:\\\/\\\/www.myndleap.com\\\/en\\\/#website\",\"url\":\"https:\\\/\\\/www.myndleap.com\\\/en\\\/\",\"name\":\"MyndLeap GmbH\",\"description\":\"Wie lerne ich ein individuelles und kollektives Mindset wahrzunehmen?\",\"potentialAction\":[{\"@type\":\"SearchAction\",\"target\":{\"@type\":\"EntryPoint\",\"urlTemplate\":\"https:\\\/\\\/www.myndleap.com\\\/en\\\/?s={search_term_string}\"},\"query-input\":{\"@type\":\"PropertyValueSpecification\",\"valueRequired\":true,\"valueName\":\"search_term_string\"}}],\"inLanguage\":\"en-US\"}]}<\/script>\n<!-- \/ Yoast SEO plugin. -->","yoast_head_json":{"title":"Legal Notice - MyndLeap GmbH","robots":{"index":"index","follow":"follow","max-snippet":"max-snippet:-1","max-image-preview":"max-image-preview:large","max-video-preview":"max-video-preview:-1"},"canonical":"https:\/\/www.myndleap.com\/en\/legal-notice\/","og_locale":"en_US","og_type":"article","og_title":"Legal Notice - MyndLeap GmbH","og_url":"https:\/\/www.myndleap.com\/en\/legal-notice\/","og_site_name":"MyndLeap GmbH","article_modified_time":"2025-04-04T14:05:48+00:00","twitter_card":"summary_large_image","twitter_misc":{"Est. reading time":"2 minutes"},"schema":{"@context":"https:\/\/schema.org","@graph":[{"@type":"WebPage","@id":"https:\/\/www.myndleap.com\/en\/legal-notice\/","url":"https:\/\/www.myndleap.com\/en\/legal-notice\/","name":"Legal Notice - MyndLeap GmbH","isPartOf":{"@id":"https:\/\/www.myndleap.com\/en\/#website"},"datePublished":"2021-04-19T13:13:34+00:00","dateModified":"2025-04-04T14:05:48+00:00","breadcrumb":{"@id":"https:\/\/www.myndleap.com\/en\/legal-notice\/#breadcrumb"},"inLanguage":"en-US","potentialAction":[{"@type":"ReadAction","target":["https:\/\/www.myndleap.com\/en\/legal-notice\/"]}]},{"@type":"BreadcrumbList","@id":"https:\/\/www.myndleap.com\/en\/legal-notice\/#breadcrumb","itemListElement":[{"@type":"ListItem","position":1,"name":"Startseite","item":"https:\/\/www.myndleap.com\/en\/"},{"@type":"ListItem","position":2,"name":"Legal Notice"}]},{"@type":"WebSite","@id":"https:\/\/www.myndleap.com\/en\/#website","url":"https:\/\/www.myndleap.com\/en\/","name":"MyndLeap GmbH","description":"Wie lerne ich ein individuelles und kollektives Mindset wahrzunehmen?","potentialAction":[{"@type":"SearchAction","target":{"@type":"EntryPoint","urlTemplate":"https:\/\/www.myndleap.com\/en\/?s={search_term_string}"},"query-input":{"@type":"PropertyValueSpecification","valueRequired":true,"valueName":"search_term_string"}}],"inLanguage":"en-US"}]}},"_links":{"self":[{"href":"https:\/\/www.myndleap.com\/en\/wp-json\/wp\/v2\/pages\/681","targetHints":{"allow":["GET"]}}],"collection":[{"href":"https:\/\/www.myndleap.com\/en\/wp-json\/wp\/v2\/pages"}],"about":[{"href":"https:\/\/www.myndleap.com\/en\/wp-json\/wp\/v2\/types\/page"}],"author":[{"embeddable":true,"href":"https:\/\/www.myndleap.com\/en\/wp-json\/wp\/v2\/users\/1"}],"replies":[{"embeddable":true,"href":"https:\/\/www.myndleap.com\/en\/wp-json\/wp\/v2\/comments?post=681"}],"version-history":[{"count":11,"href":"https:\/\/www.myndleap.com\/en\/wp-json\/wp\/v2\/pages\/681\/revisions"}],"predecessor-version":[{"id":921,"href":"https:\/\/www.myndleap.com\/en\/wp-json\/wp\/v2\/pages\/681\/revisions\/921"}],"wp:attachment":[{"href":"https:\/\/www.myndleap.com\/en\/wp-json\/wp\/v2\/media?parent=681"}],"curies":[{"name":"wp","href":"https:\/\/api.w.org\/{rel}","templated":true}]}}